{"id":21361,"date":"2021-12-27T16:42:35","date_gmt":"2021-12-27T19:42:35","guid":{"rendered":"https:\/\/museuflorestal.ambiente.sp.gov.br\/acervo\/?page_id=21361"},"modified":"2022-06-10T08:22:29","modified_gmt":"2022-06-10T11:22:29","slug":"pagina-inicial","status":"publish","type":"page","link":"https:\/\/museuflorestal.ambiente.sp.gov.br\/acervo\/","title":{"rendered":"SOBRE O ACERVO"},"content":{"rendered":"\n<p>Bem-vindos ao reposit\u00f3rio do acervo do Museu Florestal Oct\u00e1vio Vecchi!<\/p>\n\n\n\n<p>O acervo do Museu Florestal \u00e9 formado por obras de arte e amostras t\u00e9cnico-cient\u00edficas. Neste reposit\u00f3rio voc\u00ea poder\u00e1 ter acesso ao peculiar mostru\u00e1rio de madeiras entalhadas, sementes, pe\u00e7as das Escolas de Xilografia do Horto Florestal, da Escola de Char\u00e3o Ryoichi Nakayama (laca japonesa), marcenaria, marchetaria, aquarelas, grande painel a \u00f3leo de autoria de Helios Seelinger que ilustra a hist\u00f3ria de S\u00e3o Paulo, pintura mural de esp\u00e9cies nativas realizada por Antonio Paim Vieira, vitrais executados pela Casa Conrado, al\u00e9m de outras obras.<\/p>\n\n\n\n<p>Este reposit\u00f3rio \u00e9 o resultado de um processo de invent\u00e1rio atualizado, que fez uma revis\u00e3o de todo acervo do museu, organizado nas diferentes cole\u00e7\u00f5es, de acordo com a origem e hist\u00f3ria de cada obra. Foram cadastrados cerca de 3.700 itens, incluindo o pr\u00f3prio edif\u00edcio sede do Museu Florestal, pr\u00e9dio que foi projetado para essa finalidade.<\/p>\n\n\n\n<p>Todo esse rico acervo pode ser visitado virtualmente nesse reposit\u00f3rio, atrav\u00e9s das mais de 15.000 imagens ou pessoalmente em visita ao Museu Florestal!<\/p>\n","protected":false},"excerpt":{"rendered":"<p>Bem-vindos ao reposit\u00f3rio do acervo do Museu Florestal Oct\u00e1vio Vecchi! O acervo do Museu Florestal \u00e9 formado por obras de arte e amostras t\u00e9cnico-cient\u00edficas. Neste reposit\u00f3rio voc\u00ea poder\u00e1 ter acesso ao peculiar mostru\u00e1rio de madeiras entalhadas, sementes, pe\u00e7as das Escolas de Xilografia do Horto Florestal, da Escola de Char\u00e3o Ryoichi Nakayama (laca japonesa), marcenaria, marchetaria, &hellip; <\/p>\n<p class=\"link-more\"><a href=\"https:\/\/museuflorestal.ambiente.sp.gov.br\/acervo\/\" class=\"more-link\">Continue reading<span class=\"screen-reader-text\"> &#8220;SOBRE O ACERVO&#8221;<\/span><\/a><\/p>\n","protected":false},"author":4,"featured_media":0,"parent":0,"menu_order":0,"comment_status":"closed","ping_status":"closed","template":"","meta":{"footnotes":""},"_links":{"self":[{"href":"https:\/\/museuflorestal.ambiente.sp.gov.br\/acervo\/wp-json\/wp\/v2\/pages\/21361"}],"collection":[{"href":"https:\/\/museuflorestal.ambiente.sp.gov.br\/acervo\/wp-json\/wp\/v2\/pages"}],"about":[{"href":"https:\/\/museuflorestal.ambiente.sp.gov.br\/acervo\/wp-json\/wp\/v2\/types\/page"}],"author":[{"embeddable":true,"href":"https:\/\/museuflorestal.ambiente.sp.gov.br\/acervo\/wp-json\/wp\/v2\/users\/4"}],"replies":[{"embeddable":true,"href":"https:\/\/museuflorestal.ambiente.sp.gov.br\/acervo\/wp-json\/wp\/v2\/comments?post=21361"}],"version-history":[{"count":6,"href":"https:\/\/museuflorestal.ambiente.sp.gov.br\/acervo\/wp-json\/wp\/v2\/pages\/21361\/revisions"}],"predecessor-version":[{"id":22788,"href":"https:\/\/museuflorestal.ambiente.sp.gov.br\/acervo\/wp-json\/wp\/v2\/pages\/21361\/revisions\/22788"}],"wp:attachment":[{"href":"https:\/\/museuflorestal.ambiente.sp.gov.br\/acervo\/wp-json\/wp\/v2\/media?parent=21361"}],"curies":[{"name":"wp","href":"https:\/\/api.w.org\/{rel}","templated":true}]}}