{"id":21362,"date":"2021-12-27T16:42:36","date_gmt":"2021-12-27T19:42:36","guid":{"rendered":"https:\/\/museuflorestal.ambiente.sp.gov.br\/acervo\/?page_id=21362"},"modified":"2021-12-29T14:51:24","modified_gmt":"2021-12-29T17:51:24","slug":"sobre","status":"publish","type":"page","link":"https:\/\/museuflorestal.ambiente.sp.gov.br\/acervo\/sobre\/","title":{"rendered":"Sobre"},"content":{"rendered":"\n<p>O Museu Florestal foi inaugurado em 1931, sob a dire\u00e7\u00e3o de Oct\u00e1vio Vecchi (1878-1932), uma iniciativa do Servi\u00e7o Florestal de S\u00e3o Paulo, que foi sucedido pelo Instituto Florestal e, atualmente, integrado ao Instituto de Pesquisas Ambientais da Secretaria de Infraestrutura e Meio Ambiente do Governo do Estado.<\/p>\n\n\n\n<p>Em 1927, a Lei n\u00ba 2.223, de 14 de dezembro de 1927 atualizou o Servi\u00e7o Florestal, dentre outras disposi\u00e7\u00f5es, organizou o estado  em cinco distritos florestais, ficando a sede na capital paulista. Pela lei, cada uma dessas sedes deveria manter, como na capital, um museu, colecionando todos os elementos de estudo das \u00e1rvores (nativas ou introduzidas), suas qualidades, aplica\u00e7\u00f5es e uso. Tamb\u00e9m deveria executar estudos de entomologia e estat\u00edsticas florestais.<\/p>\n\n\n\n<p>Em 1928 teve in\u00edcio a constru\u00e7\u00e3o do pr\u00e9dio em estilo neocolonial para abrigar o Museu Florestal na cidade de S\u00e3o Paulo, em lugar de destaque do Horto Florestal, atualmente designado Parque Estadual Alberto L\u00f6fgren.\u00a0 Cada espa\u00e7o do museu foi pensado com uma finalidade espec\u00edfica e houve a constitui\u00e7\u00e3o de todo um acervo produzido especialmente para o Museu, a partir da a\u00e7\u00e3o articulada de artistas, artes\u00e3os, e cientistas especializados na flora nativa da regi\u00e3o. A inaugura\u00e7\u00e3o oficial contou com a presen\u00e7a de autoridades e estudantes, que vieram em composi\u00e7\u00f5es especiais do Trem da Cantareira.<\/p>\n\n\n\n<p>Oct\u00e1vio Vecchi (1878-1932), ent\u00e3o Diretor Geral do Servi\u00e7o Florestal, acompanhou de perto a constru\u00e7\u00e3o do museu e com sua forma\u00e7\u00e3o art\u00edstica e cient\u00edfica, assinou a maioria das peculiaridades que fizeram do Museu Florestal um espa\u00e7o \u00fanico e complexo. T\u00e3o fundamental foi sua contribui\u00e7\u00e3o que, desde 1948, seu nome integra oficialmente a denomina\u00e7\u00e3o do Museu (Decreto n\u00ba 18.304, de 18 de setembro de 1948).<\/p>\n\n\n\n<p>O acervo do Museu Florestal conjuga ci\u00eancia, arte e hist\u00f3ria, com cole\u00e7\u00f5es de madeiras que comp\u00f5em a estrutura e os bens integrados \u00e0 arquitetura do seu edif\u00edcio sede (esquadrias, p\u00f3rticos, assoalhos e forros), al\u00e9m de amostras de diversos suportes, como mobili\u00e1rio, pe\u00e7as em marchetaria, esculturas, pranchas com entalhes bot\u00e2nicos com detalhamento de ilustra\u00e7\u00f5es cient\u00edficas de esp\u00e9cies arb\u00f3reas e vitrais confeccionados pela Casa Conrado, cujos temas espelham \u00e1reas hist\u00f3ricas de pesquisa da institui\u00e7\u00e3o (bot\u00e2nica, fauna e entomologia).<\/p>\n","protected":false},"excerpt":{"rendered":"<p>O Museu Florestal foi inaugurado em 1931, sob a dire\u00e7\u00e3o de Oct\u00e1vio Vecchi (1878-1932), uma iniciativa do Servi\u00e7o Florestal de S\u00e3o Paulo, que foi sucedido pelo Instituto Florestal e, atualmente, integrado ao Instituto de Pesquisas Ambientais da Secretaria de Infraestrutura e Meio Ambiente do Governo do Estado. Em 1927, a Lei n\u00ba 2.223, de 14 &hellip; <\/p>\n<p class=\"link-more\"><a href=\"https:\/\/museuflorestal.ambiente.sp.gov.br\/acervo\/sobre\/\" class=\"more-link\">Continue reading<span class=\"screen-reader-text\"> &#8220;Sobre&#8221;<\/span><\/a><\/p>\n","protected":false},"author":4,"featured_media":0,"parent":0,"menu_order":0,"comment_status":"closed","ping_status":"closed","template":"","meta":{"footnotes":""},"_links":{"self":[{"href":"https:\/\/museuflorestal.ambiente.sp.gov.br\/acervo\/wp-json\/wp\/v2\/pages\/21362"}],"collection":[{"href":"https:\/\/museuflorestal.ambiente.sp.gov.br\/acervo\/wp-json\/wp\/v2\/pages"}],"about":[{"href":"https:\/\/museuflorestal.ambiente.sp.gov.br\/acervo\/wp-json\/wp\/v2\/types\/page"}],"author":[{"embeddable":true,"href":"https:\/\/museuflorestal.ambiente.sp.gov.br\/acervo\/wp-json\/wp\/v2\/users\/4"}],"replies":[{"embeddable":true,"href":"https:\/\/museuflorestal.ambiente.sp.gov.br\/acervo\/wp-json\/wp\/v2\/comments?post=21362"}],"version-history":[{"count":2,"href":"https:\/\/museuflorestal.ambiente.sp.gov.br\/acervo\/wp-json\/wp\/v2\/pages\/21362\/revisions"}],"predecessor-version":[{"id":21386,"href":"https:\/\/museuflorestal.ambiente.sp.gov.br\/acervo\/wp-json\/wp\/v2\/pages\/21362\/revisions\/21386"}],"wp:attachment":[{"href":"https:\/\/museuflorestal.ambiente.sp.gov.br\/acervo\/wp-json\/wp\/v2\/media?parent=21362"}],"curies":[{"name":"wp","href":"https:\/\/api.w.org\/{rel}","templated":true}]}}