{"id":21363,"date":"2021-12-27T16:42:36","date_gmt":"2021-12-27T19:42:36","guid":{"rendered":"https:\/\/museuflorestal.ambiente.sp.gov.br\/acervo\/?page_id=21363"},"modified":"2022-11-21T10:41:21","modified_gmt":"2022-11-21T13:41:21","slug":"contato","status":"publish","type":"page","link":"https:\/\/museuflorestal.ambiente.sp.gov.br\/acervo\/contato\/","title":{"rendered":"Contato"},"content":{"rendered":"\n<p>Al\u00e9m do Museu Florestal Oct\u00e1vio Vecchi, o IPA tamb\u00e9m \u00e9 respons\u00e1vel pela gest\u00e3o e fiscaliza\u00e7\u00e3o de outros dois museus na capital de S\u00e3o Paulo: O Museu Geol\u00f3gico e o Museu Bot\u00e2nico Dr. Jo\u00e3o Barbosa Rodrigues.<\/p>\n\n\n\n<p>Venha visitar nossos Museus! Saiba mais sobre eles em: <a href=\"https:\/\/www.infraestruturameioambiente.sp.gov.br\/ipa\/museus\/\" target=\"_blank\" rel=\"noreferrer noopener\">https:\/\/www.infraestruturameioambiente.sp.gov.br\/ipa\/museus\/<\/a><\/p>\n\n\n\n<p>MUSEU BOT\u00c2NICO DR. JO\u00c3O BARBOSA RODRIGUES<br>AV. MIGUEL ESTEFNO, 3031 &#8211; JARDIM BOT\u00c2NICO DE S\u00c3O PAULO &#8211; \u00c1GUA FUNDA<br>Aberto de finais de semana e feriados<\/p>\n\n\n\n<p>MUSEU FLORESTAL OCT\u00c1VIO VECCHI<br>RUA DO HORTO, 931 &#8211; PARQUE ESTADUAL ALBERTO L\u00d6FGREN &#8211; HORTO FLORESTAL<br>Aberto de ter\u00e7a-feira a domingo, das 9h \u00e0s 17h<\/p>\n\n\n\n<p>MUSEU GEOL\u00d3GICO VALDEMAR LEF\u00c8VRE<br><strong>Informamos a mudan\u00e7a do Museu Geol\u00f3gico Valdemar Lef\u00e8vre \u2013 MUGEO, atualmente localizado no Parque da \u00c1gua Branca, para a Unidade Vila Mariana, do Instituto de Pesquisas Ambientais.<\/strong><\/p>\n\n\n\n<p><strong>Em virtude deste fato, as atividades do MUGEO, no Parque da \u00c1gua Branca, ser\u00e3o encerradas no dia 18\/11\/2022.<\/strong><\/p>\n\n\n\n<p><strong>A partir desta data, o pr\u00e9dio ficar\u00e1 fechado para visita\u00e7\u00e3o, tendo acesso ao local apenas os funcion\u00e1rios e pessoal respons\u00e1vel pelos procedimentos de preparo e embalagem dos acervos para a mudan\u00e7a.<\/strong><\/p>\n\n\n\n<p>Saiba mais sobre o rico acervo das bibliotecas do IPA. <a href=\"https:\/\/www.infraestruturameioambiente.sp.gov.br\/ipa\/bibliotecas\/\" target=\"_blank\" rel=\"noreferrer noopener\">https:\/\/www.infraestruturameioambiente.sp.gov.br\/ipa\/bibliotecas\/<\/a><\/p>\n\n\n\n<p><\/p>\n","protected":false},"excerpt":{"rendered":"<p>Al\u00e9m do Museu Florestal Oct\u00e1vio Vecchi, o IPA tamb\u00e9m \u00e9 respons\u00e1vel pela gest\u00e3o e fiscaliza\u00e7\u00e3o de outros dois museus na capital de S\u00e3o Paulo: O Museu Geol\u00f3gico e o Museu Bot\u00e2nico Dr. Jo\u00e3o Barbosa Rodrigues. Venha visitar nossos Museus! Saiba mais sobre eles em: https:\/\/www.infraestruturameioambiente.sp.gov.br\/ipa\/museus\/ MUSEU BOT\u00c2NICO DR. JO\u00c3O BARBOSA RODRIGUESAV. MIGUEL ESTEFNO, 3031 &#8211; &hellip; <\/p>\n<p class=\"link-more\"><a href=\"https:\/\/museuflorestal.ambiente.sp.gov.br\/acervo\/contato\/\" class=\"more-link\">Continue reading<span class=\"screen-reader-text\"> &#8220;Contato&#8221;<\/span><\/a><\/p>\n","protected":false},"author":4,"featured_media":0,"parent":0,"menu_order":0,"comment_status":"closed","ping_status":"closed","template":"","meta":{"footnotes":""},"_links":{"self":[{"href":"https:\/\/museuflorestal.ambiente.sp.gov.br\/acervo\/wp-json\/wp\/v2\/pages\/21363"}],"collection":[{"href":"https:\/\/museuflorestal.ambiente.sp.gov.br\/acervo\/wp-json\/wp\/v2\/pages"}],"about":[{"href":"https:\/\/museuflorestal.ambiente.sp.gov.br\/acervo\/wp-json\/wp\/v2\/types\/page"}],"author":[{"embeddable":true,"href":"https:\/\/museuflorestal.ambiente.sp.gov.br\/acervo\/wp-json\/wp\/v2\/users\/4"}],"replies":[{"embeddable":true,"href":"https:\/\/museuflorestal.ambiente.sp.gov.br\/acervo\/wp-json\/wp\/v2\/comments?post=21363"}],"version-history":[{"count":6,"href":"https:\/\/museuflorestal.ambiente.sp.gov.br\/acervo\/wp-json\/wp\/v2\/pages\/21363\/revisions"}],"predecessor-version":[{"id":22796,"href":"https:\/\/museuflorestal.ambiente.sp.gov.br\/acervo\/wp-json\/wp\/v2\/pages\/21363\/revisions\/22796"}],"wp:attachment":[{"href":"https:\/\/museuflorestal.ambiente.sp.gov.br\/acervo\/wp-json\/wp\/v2\/media?parent=21363"}],"curies":[{"name":"wp","href":"https:\/\/api.w.org\/{rel}","templated":true}]}}